{"id":1696,"date":"2025-02-27T16:00:47","date_gmt":"2025-02-27T16:00:47","guid":{"rendered":"https:\/\/fenster2.live-website.com\/home-2\/"},"modified":"2025-03-09T09:33:02","modified_gmt":"2025-03-09T09:33:02","slug":"home-2","status":"publish","type":"page","link":"https:\/\/klarsicht-okv.de\/","title":{"rendered":"Home"},"content":{"rendered":"\n<div class=\"wp-block-uagb-container uagb-block-5a566a3e alignfull uagb-is-root-container\"><div class=\"uagb-container-inner-blocks-wrap\">\n<div class=\"wp-block-uagb-call-to-action uagb-block-8f64e258\"><div class=\"uagb-cta__wrap\"><h6 class=\"uagb-cta__title\">OKV Klarsicht<\/h6><p class=\"uagb-cta__desc\">Reinigung von Fensterfl\u00e4chen, Fensterrahmen und Winterg\u00e4rten<\/p><\/div><div class=\"uagb-cta__buttons\"><\/div><\/div>\n<\/div><\/div>\n\n\n\n<div class=\"wp-block-uagb-advanced-heading uagb-block-3a6320d6\"><h1 class=\"uagb-heading-text\">Willkommen!<\/h1><\/div>\n\n\n\n<div class=\"wp-block-uagb-container uagb-block-25bad3da alignfull uagb-is-root-container\"><div class=\"uagb-container-inner-blocks-wrap\"><\/div><\/div>\n\n\n\n<div class=\"wp-block-uagb-container uagb-layout-grid uagb-block-dcb88795 alignfull uagb-is-root-container\"><div class=\"uagb-container-inner-blocks-wrap\">\n<div class=\"wp-block-uagb-info-box uagb-block-8f95d7c0 uagb-infobox__content-wrap  uagb-infobox-icon-above-title uagb-infobox-image-valign-top wp-block-uagb-info-box--has-margin\"><div class=\"uagb-infobox-margin-wrapper\"><div class=\"uagb-ifb-content\"><div class=\"uagb-ifb-title-wrap\"><h3 class=\"uagb-ifb-title\"><strong>WIR SORGEN F\u00dcR FREIE SICHT, OB IN B\u00dcRO ODER EIGENHEIM<\/strong>.<\/h3><\/div><p class=\"uagb-ifb-desc\">Schmutzige Fenster sind l\u00e4stig und machen viel Arbeit. Durch Feinstaub, Pollen und andere Schmutzpartikel leiden Optik und Sauberkeit von Fenstern, Fensterb\u00e4nken enorm. Oft werden diese Verunreinigungen nach einer weile zu hartn\u00e4ckigem Schmutz welcher schwer zu entfernen ist. Deshalb und aus optischen gr\u00fcnden, kann eine regelm\u00e4\u00dfige Reinigung von Vorteil sein. Hier kommen wir ins Spiel. Lehn dich zur\u00fcck und lass uns die Arbeit f\u00fcr dich erledigen.<\/p><\/div><\/div><\/div>\n\n\n\n<div class=\"wp-block-uagb-container uagb-block-edad6ad7\">\n<div class=\"wp-block-uagb-info-box uagb-block-112cf834 uagb-infobox__content-wrap  uagb-infobox-icon-above-title uagb-infobox-image-valign-top wp-block-uagb-info-box--has-margin\"><div class=\"uagb-infobox-margin-wrapper\"><div class=\"uagb-ifb-content\"><div class=\"uagb-ifb-title-wrap\"><h2 class=\"uagb-ifb-title\">Telefon<\/h2><\/div><div class=\"uagb-ifb-button-wrapper wp-block-button\"><a href=\"#\" class=\"uagb-infobox-cta-link wp-block-button__link\" target=\"_self\" rel=\"noopener noreferrer\" onclick=\"return false;\"><svg xmlns=\"https:\/\/www.w3.org\/2000\/svg\" viewBox=\"0 0 512 512\"><path d=\"M511.2 387l-23.25 100.8c-3.266 14.25-15.79 24.22-30.46 24.22C205.2 512 0 306.8 0 54.5c0-14.66 9.969-27.2 24.22-30.45l100.8-23.25C139.7-2.602 154.7 5.018 160.8 18.92l46.52 108.5c5.438 12.78 1.77 27.67-8.98 36.45L144.5 207.1c33.98 69.22 90.26 125.5 159.5 159.5l44.08-53.8c8.688-10.78 23.69-14.51 36.47-8.975l108.5 46.51C506.1 357.2 514.6 372.4 511.2 387z\"><\/path><\/svg><span class=\"uagb-inline-editing\">0176 43 58 62 75<\/span><\/a><\/div><\/div><\/div><\/div>\n\n\n\n<figure class=\"wp-block-image size-full\"><img loading=\"lazy\" decoding=\"async\" width=\"1024\" height=\"1024\" src=\"https:\/\/fenster2.live-website.com\/wp-content\/uploads\/2025\/02\/file-UXSavLoiab8y5cemGS5FoN.webp\" alt=\"\" class=\"wp-image-2996\" srcset=\"https:\/\/klarsicht-okv.de\/wp-content\/uploads\/2025\/02\/file-UXSavLoiab8y5cemGS5FoN.webp 1024w, https:\/\/klarsicht-okv.de\/wp-content\/uploads\/2025\/02\/file-UXSavLoiab8y5cemGS5FoN-300x300.webp 300w, https:\/\/klarsicht-okv.de\/wp-content\/uploads\/2025\/02\/file-UXSavLoiab8y5cemGS5FoN-150x150.webp 150w, https:\/\/klarsicht-okv.de\/wp-content\/uploads\/2025\/02\/file-UXSavLoiab8y5cemGS5FoN-768x768.webp 768w\" sizes=\"auto, (max-width: 1024px) 100vw, 1024px\" \/><\/figure>\n<\/div>\n<\/div><\/div>\n\n\n\n<div class=\"wp-block-uagb-container uagb-block-a6766bc0 alignfull uagb-is-root-container\"><div class=\"uagb-container-inner-blocks-wrap\">\n<div class=\"wp-block-uagb-container uagb-block-81b56b75\">\n<div class=\"wp-block-uagb-icon-list uagb-block-1b2057b5\"><div class=\"uagb-icon-list__wrap\">\n<div class=\"wp-block-uagb-icon-list-child uagb-block-64ba47e6\"><span class=\"uagb-icon-list__source-wrap\"><svg xmlns=\"https:\/\/www.w3.org\/2000\/svg\" viewBox=\"0 0 512 512\"><path d=\"M0 256C0 114.6 114.6 0 256 0C397.4 0 512 114.6 512 256C512 397.4 397.4 512 256 512C114.6 512 0 397.4 0 256zM371.8 211.8C382.7 200.9 382.7 183.1 371.8 172.2C360.9 161.3 343.1 161.3 332.2 172.2L224 280.4L179.8 236.2C168.9 225.3 151.1 225.3 140.2 236.2C129.3 247.1 129.3 264.9 140.2 275.8L204.2 339.8C215.1 350.7 232.9 350.7 243.8 339.8L371.8 211.8z\"><\/path><\/svg><\/span><span class=\"uagb-icon-list__label\">Kostenloser Begutachtungstermin <\/span><\/div>\n\n\n\n<div class=\"wp-block-uagb-icon-list-child uagb-block-ed6769b7\"><span class=\"uagb-icon-list__source-wrap\"><svg xmlns=\"https:\/\/www.w3.org\/2000\/svg\" viewBox=\"0 0 512 512\"><path d=\"M0 256C0 114.6 114.6 0 256 0C397.4 0 512 114.6 512 256C512 397.4 397.4 512 256 512C114.6 512 0 397.4 0 256zM371.8 211.8C382.7 200.9 382.7 183.1 371.8 172.2C360.9 161.3 343.1 161.3 332.2 172.2L224 280.4L179.8 236.2C168.9 225.3 151.1 225.3 140.2 236.2C129.3 247.1 129.3 264.9 140.2 275.8L204.2 339.8C215.1 350.7 232.9 350.7 243.8 339.8L371.8 211.8z\"><\/path><\/svg><\/span><span class=\"uagb-icon-list__label\">Streifenfreie, strahlende Fenster<\/span><\/div>\n\n\n\n<div class=\"wp-block-uagb-icon-list-child uagb-block-1e9c0b96\"><span class=\"uagb-icon-list__source-wrap\"><svg xmlns=\"https:\/\/www.w3.org\/2000\/svg\" viewBox=\"0 0 512 512\"><path d=\"M0 256C0 114.6 114.6 0 256 0C397.4 0 512 114.6 512 256C512 397.4 397.4 512 256 512C114.6 512 0 397.4 0 256zM371.8 211.8C382.7 200.9 382.7 183.1 371.8 172.2C360.9 161.3 343.1 161.3 332.2 172.2L224 280.4L179.8 236.2C168.9 225.3 151.1 225.3 140.2 236.2C129.3 247.1 129.3 264.9 140.2 275.8L204.2 339.8C215.1 350.7 232.9 350.7 243.8 339.8L371.8 211.8z\"><\/path><\/svg><\/span><span class=\"uagb-icon-list__label\">Ordentlich und Zuverl\u00e4ssig<\/span><\/div>\n\n\n\n<div class=\"wp-block-uagb-icon-list-child uagb-block-8b089316\"><span class=\"uagb-icon-list__source-wrap\"><svg xmlns=\"https:\/\/www.w3.org\/2000\/svg\" viewBox=\"0 0 512 512\"><path d=\"M0 256C0 114.6 114.6 0 256 0C397.4 0 512 114.6 512 256C512 397.4 397.4 512 256 512C114.6 512 0 397.4 0 256zM371.8 211.8C382.7 200.9 382.7 183.1 371.8 172.2C360.9 161.3 343.1 161.3 332.2 172.2L224 280.4L179.8 236.2C168.9 225.3 151.1 225.3 140.2 236.2C129.3 247.1 129.3 264.9 140.2 275.8L204.2 339.8C215.1 350.7 232.9 350.7 243.8 339.8L371.8 211.8z\"><\/path><\/svg><\/span><span class=\"uagb-icon-list__label\">Faire Preiskalkulation<\/span><\/div>\n<\/div><\/div>\n<\/div>\n\n\n\n<div class=\"wp-block-uagb-info-box uagb-block-185d4a15 uagb-infobox__content-wrap  uagb-infobox-icon-above-title uagb-infobox-image-valign-top\"><div class=\"uagb-ifb-content\"><div class=\"uagb-ifb-title-wrap\"><h2 class=\"uagb-ifb-title\">ZEITERSPARNIS IN DEINEM ALLTAG<\/h2><\/div><p class=\"uagb-ifb-desc\">Das reinigen von Fensterfl\u00e4chen beansprucht viel Zeit und Kraft welche im vollen Alltag h\u00e4ufig fehlt. Nimm dir deine freie Zeit und lass uns f\u00fcr Ordnung und KLARSICHT sorgen!<\/p><\/div><\/div>\n<\/div><\/div>\n\n\n\n<div class=\"wp-block-uagb-container uagb-block-a9878ad1 alignfull uagb-is-root-container\"><div class=\"uagb-container-inner-blocks-wrap\">\n<div class=\"wp-block-uagb-info-box uagb-block-14569ee3 uagb-infobox__content-wrap  uagb-infobox-icon-above-title uagb-infobox-image-valign-top wp-block-uagb-info-box--has-margin\"><div class=\"uagb-infobox-margin-wrapper\"><div class=\"uagb-ifb-content\"><div class=\"uagb-ifb-title-wrap\"><h2 class=\"uagb-ifb-title\">REINIGUNG IN HAMBURG<\/h2><\/div><p class=\"uagb-ifb-desc\">Vereinbare einen Kostenlosen Termin zur Fensterbesichtigung und lass uns dich Besuchen<\/p><\/div><\/div><\/div>\n<\/div><\/div>\n\n\n\n<div class=\"wp-block-uagb-container uagb-block-a6874874 alignfull uagb-is-root-container\"><div class=\"uagb-container-inner-blocks-wrap\"><\/div><\/div>\n\n\n\n<div class=\"wp-block-uagb-container uagb-block-fb01a364 alignfull uagb-is-root-container\"><div class=\"uagb-container-inner-blocks-wrap\">\n<div class=\"wp-block-uagb-call-to-action uagb-block-f7517b98\"><div class=\"uagb-cta__wrap\"><h3 class=\"uagb-cta__title\">Angebot <\/h3><p class=\"uagb-cta__desc\">Buche einen Termin und lass dir einen Preisvorschlag nennen<\/p><\/div><div class=\"uagb-cta__buttons\"><\/div><\/div>\n<\/div><\/div>\n\n\n\n<div class=\"wp-block-uagb-container uagb-block-bfbeed04 alignfull uagb-is-root-container\"><div class=\"uagb-container-inner-blocks-wrap\">\n<div class=\"wp-block-uagb-container uagb-block-b3740406\">\n<div class=\"wp-block-uagb-container uagb-block-f3b9870e alignfull uagb-is-root-container\"><div class=\"uagb-container-inner-blocks-wrap\">\n<h2 class=\"wp-block-heading has-text-align-center has-medium-font-size\">Google Kundenfeedback <\/h2>\n<\/div><\/div>\n<\/div>\n\n\n\n<div class=\"wp-block-uagb-container uagb-block-870128cc\">\n<figure class=\"wp-block-image size-large is-resized\"><img loading=\"lazy\" decoding=\"async\" width=\"1024\" height=\"660\" src=\"https:\/\/klarsicht-okv.de\/wp-content\/uploads\/2025\/02\/Screenshot_20250228-1247413-1-1024x660.jpg\" alt=\"\" class=\"wp-image-3031\" style=\"width:326px;height:auto\" srcset=\"https:\/\/klarsicht-okv.de\/wp-content\/uploads\/2025\/02\/Screenshot_20250228-1247413-1-1024x660.jpg 1024w, https:\/\/klarsicht-okv.de\/wp-content\/uploads\/2025\/02\/Screenshot_20250228-1247413-1-300x193.jpg 300w, https:\/\/klarsicht-okv.de\/wp-content\/uploads\/2025\/02\/Screenshot_20250228-1247413-1-768x495.jpg 768w, https:\/\/klarsicht-okv.de\/wp-content\/uploads\/2025\/02\/Screenshot_20250228-1247413-1.jpg 1080w\" sizes=\"auto, (max-width: 1024px) 100vw, 1024px\" \/><\/figure>\n<\/div>\n\n\n\n<div class=\"wp-block-uagb-container uagb-block-81b7ba26\">\n<figure class=\"wp-block-image size-large\"><img loading=\"lazy\" decoding=\"async\" width=\"1024\" height=\"447\" src=\"https:\/\/klarsicht-okv.de\/wp-content\/uploads\/2025\/02\/Screenshot_20250228-1235562-3-1024x447.jpg\" alt=\"\" class=\"wp-image-3029\" style=\"object-fit:cover\" srcset=\"https:\/\/klarsicht-okv.de\/wp-content\/uploads\/2025\/02\/Screenshot_20250228-1235562-3-1024x447.jpg 1024w, https:\/\/klarsicht-okv.de\/wp-content\/uploads\/2025\/02\/Screenshot_20250228-1235562-3-300x131.jpg 300w, https:\/\/klarsicht-okv.de\/wp-content\/uploads\/2025\/02\/Screenshot_20250228-1235562-3-768x335.jpg 768w, https:\/\/klarsicht-okv.de\/wp-content\/uploads\/2025\/02\/Screenshot_20250228-1235562-3.jpg 1080w\" sizes=\"auto, (max-width: 1024px) 100vw, 1024px\" \/><\/figure>\n<\/div>\n\n\n\n<div class=\"wp-block-uagb-container uagb-block-56eb1dac\">\n<figure class=\"wp-block-image size-large\"><img loading=\"lazy\" decoding=\"async\" width=\"1024\" height=\"480\" src=\"https:\/\/klarsicht-okv.de\/wp-content\/uploads\/2025\/02\/Screenshot_20250228-1236232-3-1024x480.jpg\" alt=\"\" class=\"wp-image-3030\" srcset=\"https:\/\/klarsicht-okv.de\/wp-content\/uploads\/2025\/02\/Screenshot_20250228-1236232-3-1024x480.jpg 1024w, https:\/\/klarsicht-okv.de\/wp-content\/uploads\/2025\/02\/Screenshot_20250228-1236232-3-300x141.jpg 300w, https:\/\/klarsicht-okv.de\/wp-content\/uploads\/2025\/02\/Screenshot_20250228-1236232-3-768x360.jpg 768w, https:\/\/klarsicht-okv.de\/wp-content\/uploads\/2025\/02\/Screenshot_20250228-1236232-3.jpg 1080w\" sizes=\"auto, (max-width: 1024px) 100vw, 1024px\" \/><\/figure>\n<\/div>\n<\/div><\/div>\n\n\n\n<div class=\"wp-block-uagb-container uagb-block-6da9c68a spectra-gbs-xxx1740743196503 alignfull uagb-is-root-container\"><div class=\"uagb-container-inner-blocks-wrap\">\n<div class=\"wp-block-uagb-social-share uagb-social-share__outer-wrap uagb-social-share__layout-horizontal uagb-block-1ede5e8b\">\n<div class=\"wp-block-uagb-social-share-child uagb-ss-repeater uagb-ss__wrapper uagb-block-058ccde2\"><span class=\"uagb-ss__link\" data-href=\"https:\/\/www.facebook.com\/sharer.php?u=\" tabindex=\"0\" role=\"button\" aria-label=\"facebook\"><span class=\"uagb-ss__source-wrap\"><img decoding=\"async\" class=\"uagb-ss__source-image\" src=\"https:\/\/klarsicht-okv.de\/wp-content\/uploads\/2025\/02\/cropped-cropped-cleaned_logo-1-1-e1740739871771.png\" alt=\"\" width=\"100\" height=\"86\" loading=\"lazy\"\/><\/span><\/span><\/div>\n<\/div>\n<\/div><\/div>\n","protected":false},"excerpt":{"rendered":"<p>Willkommen! Google Kundenfeedback<\/p>\n","protected":false},"author":1,"featured_media":0,"parent":0,"menu_order":0,"comment_status":"closed","ping_status":"closed","template":"","meta":{"_uag_custom_page_level_css":"","site-sidebar-layout":"no-sidebar","site-content-layout":"page-builder","ast-site-content-layout":"full-width-container","site-content-style":"unboxed","site-sidebar-style":"unboxed","ast-global-header-display":"","ast-banner-title-visibility":"","ast-main-header-display":"","ast-hfb-above-header-display":"","ast-hfb-below-header-display":"","ast-hfb-mobile-header-display":"","site-post-title":"","ast-breadcrumbs-content":"","ast-featured-img":"disabled","footer-sml-layout":"","theme-transparent-header-meta":"default","adv-header-id-meta":"","stick-header-meta":"","header-above-stick-meta":"","header-main-stick-meta":"","header-below-stick-meta":"","astra-migrate-meta-layouts":"set","ast-page-background-enabled":"default","ast-page-background-meta":{"desktop":{"background-color":"","background-image":"","background-repeat":"repeat","background-position":"center center","background-size":"auto","background-attachment":"scroll","background-type":"","background-media":"","overlay-type":"","overlay-color":"","overlay-opacity":"","overlay-gradient":""},"tablet":{"background-color":"","background-image":"","background-repeat":"repeat","background-position":"center center","background-size":"auto","background-attachment":"scroll","background-type":"","background-media":"","overlay-type":"","overlay-color":"","overlay-opacity":"","overlay-gradient":""},"mobile":{"background-color":"","background-image":"","background-repeat":"repeat","background-position":"center center","background-size":"auto","background-attachment":"scroll","background-type":"","background-media":"","overlay-type":"","overlay-color":"","overlay-opacity":"","overlay-gradient":""}},"ast-content-background-meta":{"desktop":{"background-color":"var(--ast-global-color-5)","background-image":"","background-repeat":"repeat","background-position":"center center","background-size":"auto","background-attachment":"scroll","background-type":"","background-media":"","overlay-type":"","overlay-color":"","overlay-opacity":"","overlay-gradient":""},"tablet":{"background-color":"var(--ast-global-color-5)","background-image":"","background-repeat":"repeat","background-position":"center center","background-size":"auto","background-attachment":"scroll","background-type":"","background-media":"","overlay-type":"","overlay-color":"","overlay-opacity":"","overlay-gradient":""},"mobile":{"background-color":"var(--ast-global-color-5)","background-image":"","background-repeat":"repeat","background-position":"center center","background-size":"auto","background-attachment":"scroll","background-type":"","background-media":"","overlay-type":"","overlay-color":"","overlay-opacity":"","overlay-gradient":""}},"footnotes":""},"class_list":["post-1696","page","type-page","status-publish","hentry"],"uagb_featured_image_src":{"full":false,"thumbnail":false,"medium":false,"medium_large":false,"large":false,"1536x1536":false,"2048x2048":false},"uagb_author_info":{"display_name":"admin","author_link":"https:\/\/klarsicht-okv.de\/?author=1"},"uagb_comment_info":0,"uagb_excerpt":"Willkommen! Google Kundenfeedback","_links":{"self":[{"href":"https:\/\/klarsicht-okv.de\/index.php?rest_route=\/wp\/v2\/pages\/1696","targetHints":{"allow":["GET"]}}],"collection":[{"href":"https:\/\/klarsicht-okv.de\/index.php?rest_route=\/wp\/v2\/pages"}],"about":[{"href":"https:\/\/klarsicht-okv.de\/index.php?rest_route=\/wp\/v2\/types\/page"}],"author":[{"embeddable":true,"href":"https:\/\/klarsicht-okv.de\/index.php?rest_route=\/wp\/v2\/users\/1"}],"replies":[{"embeddable":true,"href":"https:\/\/klarsicht-okv.de\/index.php?rest_route=%2Fwp%2Fv2%2Fcomments&post=1696"}],"version-history":[{"count":12,"href":"https:\/\/klarsicht-okv.de\/index.php?rest_route=\/wp\/v2\/pages\/1696\/revisions"}],"predecessor-version":[{"id":3071,"href":"https:\/\/klarsicht-okv.de\/index.php?rest_route=\/wp\/v2\/pages\/1696\/revisions\/3071"}],"wp:attachment":[{"href":"https:\/\/klarsicht-okv.de\/index.php?rest_route=%2Fwp%2Fv2%2Fmedia&parent=1696"}],"curies":[{"name":"wp","href":"https:\/\/api.w.org\/{rel}","templated":true}]}}