{"id":3,"date":"2025-02-27T15:44:16","date_gmt":"2025-02-27T15:44:16","guid":{"rendered":"https:\/\/fenster2.live-website.com\/?page_id=3"},"modified":"2025-03-03T17:42:27","modified_gmt":"2025-03-03T17:42:27","slug":"privacy-policy","status":"publish","type":"page","link":"https:\/\/klarsicht-okv.de\/?page_id=3","title":{"rendered":"Datenschutzerkl\u00e4rung:"},"content":{"rendered":"\n<p><strong>1. Verantwortlicher<\/strong><\/p>\n\n\n\n<p>Verantwortlich f\u00fcr die Datenverarbeitung auf dieser Webseite ist:<br>Ole. K Vogt<br>OKV Klarsicht<br>Adresse Hainholzweg 40, 21077 Hamburg<br>Telefon: 017643586275<br>E-Mail: Klarsicht.okv@gmail.com<\/p>\n\n\n\n<p><strong>2. Erhebung und Speicherung personenbezogener Daten sowie Art und Zweck von deren Verwendung<\/strong><\/p>\n\n\n\n<p>a)&nbsp;<strong>Beim Besuch der Webseite<\/strong><br>Beim Aufrufen unserer Webseite werden durch den Browser, den du verwendest, automatisch Informationen an den Server unserer Webseite gesendet. Diese Informationen werden tempor\u00e4r in einem sogenannten Logfile gespeichert. Folgende Daten werden dabei ohne dein Zutun erfasst und bis zur automatisierten L\u00f6schung gespeichert:<\/p>\n\n\n\n<ul class=\"wp-block-list\">\n<li>IP-Adresse des anfragenden Rechners<\/li>\n\n\n\n<li>Datum und Uhrzeit des Zugriffs<\/li>\n\n\n\n<li>Name und URL der abgerufenen Datei<\/li>\n\n\n\n<li>Webseite, von der aus der Zugriff erfolgt (Referrer-URL)<\/li>\n\n\n\n<li>verwendeter Browser und ggf. das Betriebssystem deines Rechners sowie der Name deines Access-Providers<\/li>\n<\/ul>\n\n\n\n<p>Die genannten Daten werden durch uns zu folgenden Zwecken verarbeitet:<\/p>\n\n\n\n<ul class=\"wp-block-list\">\n<li>Gew\u00e4hrleistung eines reibungslosen Verbindungsaufbaus der Webseite<\/li>\n\n\n\n<li>Gew\u00e4hrleistung einer komfortablen Nutzung unserer Webseite<\/li>\n\n\n\n<li>Auswertung der Systemsicherheit und -stabilit\u00e4t sowie<\/li>\n\n\n\n<li>zu weiteren administrativen Zwecken.<\/li>\n<\/ul>\n\n\n\n<p>b)&nbsp;<strong>Bei Kontaktaufnahme<\/strong><br>Wenn du per E-Mail oder \u00fcber das Kontaktformular mit uns in Verbindung trittst, speichern wir die von dir angegebenen personenbezogenen Daten, um deine Anfrage zu bearbeiten und mit dir zu kommunizieren. Wir werden deine Daten nicht ohne deine ausdr\u00fcckliche Zustimmung an Dritte weitergeben.<\/p>\n\n\n\n<p><strong>3. Weitergabe von Daten<\/strong><\/p>\n\n\n\n<p>Eine \u00dcbermittlung deiner personenbezogenen Daten an Dritte erfolgt nur, wenn dies zur Vertragsabwicklung erforderlich ist (z.B. Weitergabe von Daten an Lieferanten f\u00fcr Materialien, falls du diese f\u00fcr die Fensterreinigung ben\u00f6tigst) oder du zuvor ausdr\u00fccklich eingewilligt hast.<\/p>\n\n\n\n<p><strong>4. Deine Rechte als betroffene Person<\/strong><\/p>\n\n\n\n<p>Du hast das Recht:<\/p>\n\n\n\n<ul class=\"wp-block-list\">\n<li>gem\u00e4\u00df Art. 15 DSGVO Auskunft \u00fcber deine von uns verarbeiteten personenbezogenen Daten zu verlangen,<\/li>\n\n\n\n<li>gem\u00e4\u00df Art. 16 DSGVO die Berichtigung unrichtiger oder unvollst\u00e4ndiger Daten zu verlangen,<\/li>\n\n\n\n<li>gem\u00e4\u00df Art. 17 DSGVO die L\u00f6schung deiner bei uns gespeicherten personenbezogenen Daten zu verlangen,<\/li>\n\n\n\n<li>gem\u00e4\u00df Art. 18 DSGVO die Einschr\u00e4nkung der Verarbeitung deiner personenbezogenen Daten zu verlangen,<\/li>\n\n\n\n<li>gem\u00e4\u00df Art. 20 DSGVO deine personenbezogenen Daten in einem strukturierten, g\u00e4ngigen und maschinenlesbaren Format zu erhalten und<\/li>\n\n\n\n<li>gem\u00e4\u00df Art. 21 DSGVO Widerspruch gegen die Verarbeitung deiner personenbezogenen Daten einzulegen.<\/li>\n<\/ul>\n\n\n\n<p>Du hast au\u00dferdem das Recht, dich bei einer Aufsichtsbeh\u00f6rde f\u00fcr den Datenschutz zu beschweren. Die f\u00fcr uns zust\u00e4ndige Aufsichtsbeh\u00f6rde ist:<br><strong>Der Hamburgische Beauftragte f\u00fcr Datenschutz und Informationsfreiheit<\/strong><br>Lombardsbr\u00fccke 5 22087 Hamburg<\/p>\n\n\n\n<p>Telefon : 040 \/ 4285440 Fax: 040\/ 427945049 Email: poststelle@datenschutz.hamburg.de<\/p>\n\n\n\n<p><\/p>\n\n\n\n<p><br><\/p>\n\n\n\n<p><strong>5. Sicherheit der Daten<\/strong><\/p>\n\n\n\n<p>Wir setzen technische und organisatorische Sicherheitsma\u00dfnahmen ein, um deine personenbezogenen Daten vor Verlust, unbefugtem Zugriff und Missbrauch zu sch\u00fctzen. Unsere Sicherheitsma\u00dfnahmen werden entsprechend der technologischen Entwicklung fortlaufend verbessert.<\/p>\n\n\n\n<p><strong>6. Cookies<\/strong><\/p>\n\n\n\n<p>Unsere Webseite verwendet Cookies, um die Nutzung unserer Webseite f\u00fcr dich komfortabler zu gestalten und die Nutzung unserer Webseite zu analysieren. Cookies sind kleine Textdateien, die auf deinem Endger\u00e4t gespeichert werden und die eine Analyse der Benutzung der Webseite erm\u00f6glichen. Du kannst die Speicherung von Cookies in den Einstellungen deines Browsers deaktivieren, jedoch kann dies die Funktionalit\u00e4t unserer Webseite einschr\u00e4nken.<\/p>\n\n\n\n<p><strong>7. \u00c4nderungen dieser Datenschutzerkl\u00e4rung<\/strong><\/p>\n\n\n\n<p>Wir behalten uns vor, diese Datenschutzerkl\u00e4rung anzupassen, damit sie stets den aktuellen rechtlichen Anforderungen entspricht oder um \u00c4nderungen unserer Leistungen in der Datenschutzerkl\u00e4rung umzusetzen, z.B. bei der Einf\u00fchrung neuer Dienste. F\u00fcr deinen erneuten Besuch gilt dann die neue Datenschutzerkl\u00e4rung.<\/p>\n\n\n\n<hr class=\"wp-block-separator has-alpha-channel-opacity\"\/>\n","protected":false},"excerpt":{"rendered":"<p>1. Verantwortlicher Verantwortlich f\u00fcr die Datenverarbeitung auf dieser Webseite ist:Ole. K VogtOKV KlarsichtAdresse Hainholzweg 40, 21077 HamburgTelefon: 017643586275E-Mail: Klarsicht.okv@gmail.com 2. Erhebung und Speicherung personenbezogener Daten sowie Art und Zweck von deren Verwendung a)&nbsp;Beim Besuch der WebseiteBeim Aufrufen unserer Webseite werden durch den Browser, den du verwendest, automatisch Informationen an den Server unserer Webseite gesendet. Diese [&hellip;]<\/p>\n","protected":false},"author":1,"featured_media":0,"parent":0,"menu_order":5,"comment_status":"closed","ping_status":"closed","template":"","meta":{"_uag_custom_page_level_css":"","site-sidebar-layout":"default","site-content-layout":"","ast-site-content-layout":"default","site-content-style":"default","site-sidebar-style":"default","ast-global-header-display":"","ast-banner-title-visibility":"","ast-main-header-display":"","ast-hfb-above-header-display":"","ast-hfb-below-header-display":"","ast-hfb-mobile-header-display":"","site-post-title":"","ast-breadcrumbs-content":"","ast-featured-img":"","footer-sml-layout":"","theme-transparent-header-meta":"","adv-header-id-meta":"","stick-header-meta":"","header-above-stick-meta":"","header-main-stick-meta":"","header-below-stick-meta":"","astra-migrate-meta-layouts":"set","ast-page-background-enabled":"default","ast-page-background-meta":{"desktop":{"background-color":"","background-image":"","background-repeat":"repeat","background-position":"center center","background-size":"auto","background-attachment":"scroll","background-type":"","background-media":"","overlay-type":"","overlay-color":"","overlay-opacity":"","overlay-gradient":""},"tablet":{"background-color":"","background-image":"","background-repeat":"repeat","background-position":"center center","background-size":"auto","background-attachment":"scroll","background-type":"","background-media":"","overlay-type":"","overlay-color":"","overlay-opacity":"","overlay-gradient":""},"mobile":{"background-color":"","background-image":"","background-repeat":"repeat","background-position":"center center","background-size":"auto","background-attachment":"scroll","background-type":"","background-media":"","overlay-type":"","overlay-color":"","overlay-opacity":"","overlay-gradient":""}},"ast-content-background-meta":{"desktop":{"background-color":"var(--ast-global-color-5)","background-image":"","background-repeat":"repeat","background-position":"center center","background-size":"auto","background-attachment":"scroll","background-type":"","background-media":"","overlay-type":"","overlay-color":"","overlay-opacity":"","overlay-gradient":""},"tablet":{"background-color":"var(--ast-global-color-5)","background-image":"","background-repeat":"repeat","background-position":"center center","background-size":"auto","background-attachment":"scroll","background-type":"","background-media":"","overlay-type":"","overlay-color":"","overlay-opacity":"","overlay-gradient":""},"mobile":{"background-color":"var(--ast-global-color-5)","background-image":"","background-repeat":"repeat","background-position":"center center","background-size":"auto","background-attachment":"scroll","background-type":"","background-media":"","overlay-type":"","overlay-color":"","overlay-opacity":"","overlay-gradient":""}},"footnotes":""},"class_list":["post-3","page","type-page","status-publish","hentry"],"uagb_featured_image_src":{"full":false,"thumbnail":false,"medium":false,"medium_large":false,"large":false,"1536x1536":false,"2048x2048":false},"uagb_author_info":{"display_name":"admin","author_link":"https:\/\/klarsicht-okv.de\/?author=1"},"uagb_comment_info":0,"uagb_excerpt":"1. Verantwortlicher Verantwortlich f\u00fcr die Datenverarbeitung auf dieser Webseite ist:Ole. K VogtOKV KlarsichtAdresse Hainholzweg 40, 21077 HamburgTelefon: 017643586275E-Mail: Klarsicht.okv@gmail.com 2. Erhebung und Speicherung personenbezogener Daten sowie Art und Zweck von deren Verwendung a)&nbsp;Beim Besuch der WebseiteBeim Aufrufen unserer Webseite werden durch den Browser, den du verwendest, automatisch Informationen an den Server unserer Webseite gesendet. Diese&hellip;","_links":{"self":[{"href":"https:\/\/klarsicht-okv.de\/index.php?rest_route=\/wp\/v2\/pages\/3","targetHints":{"allow":["GET"]}}],"collection":[{"href":"https:\/\/klarsicht-okv.de\/index.php?rest_route=\/wp\/v2\/pages"}],"about":[{"href":"https:\/\/klarsicht-okv.de\/index.php?rest_route=\/wp\/v2\/types\/page"}],"author":[{"embeddable":true,"href":"https:\/\/klarsicht-okv.de\/index.php?rest_route=\/wp\/v2\/users\/1"}],"replies":[{"embeddable":true,"href":"https:\/\/klarsicht-okv.de\/index.php?rest_route=%2Fwp%2Fv2%2Fcomments&post=3"}],"version-history":[{"count":1,"href":"https:\/\/klarsicht-okv.de\/index.php?rest_route=\/wp\/v2\/pages\/3\/revisions"}],"predecessor-version":[{"id":3055,"href":"https:\/\/klarsicht-okv.de\/index.php?rest_route=\/wp\/v2\/pages\/3\/revisions\/3055"}],"wp:attachment":[{"href":"https:\/\/klarsicht-okv.de\/index.php?rest_route=%2Fwp%2Fv2%2Fmedia&parent=3"}],"curies":[{"name":"wp","href":"https:\/\/api.w.org\/{rel}","templated":true}]}}